{"id":29656,"date":"2020-12-17T18:17:47","date_gmt":"2020-12-17T18:17:47","guid":{"rendered":"https:\/\/the7.io\/elementor-creative-light\/?page_id=29656"},"modified":"2025-10-17T14:48:13","modified_gmt":"2025-10-17T06:48:13","slug":"terms-and-conditions","status":"publish","type":"page","link":"https:\/\/dopris.com\/it\/terms-and-conditions\/","title":{"rendered":"Termini e Condizioni"},"content":{"rendered":"<h1 class=\"wp-block-heading has-text-align-center has-background\" style=\"background:linear-gradient(169deg,rgba(13,73,255,0.52) 0%,rgb(255,255,255) 100%)\">Termini e Condizioni<\/h1>\n\n\n\n<p>Si prega di leggere attentamente i presenti termini e condizioni prima di utilizzare il nostro servizio.<\/p>\n\n\n\n<h2 class=\"wp-block-heading\">Interpretazione e definizioni<\/h2>\n\n\n\n<h3 class=\"wp-block-heading\">Interpretazione<\/h3>\n\n\n\n<p>Le parole la cui iniziale \u00e8 maiuscola hanno significati definiti alle seguenti condizioni. Le seguenti definizioni avranno lo stesso significato indipendentemente dal fatto che appaiano al singolare o al plurale.<\/p>\n\n\n\n<h3 class=\"wp-block-heading\">Definizioni<\/h3>\n\n\n\n<p>Ai fini dei presenti Termini e Condizioni:<\/p>\n\n\n\n<ul class=\"wp-block-list\">\n<li><p><strong>Affiliato<\/strong> indica un&#039;entit\u00e0 che controlla, \u00e8 controllata da o \u00e8 sotto il controllo comune di una parte, dove &quot;controllo&quot; significa propriet\u00e0 di 50% o pi\u00f9 azioni, partecipazioni azionarie o altri titoli che danno diritto al voto per l&#039;elezione degli amministratori o di altre autorit\u00e0 di gestione.<\/p><\/li>\n\n\n\n<li><p><strong>Paese<\/strong> si riferisce a: Cina<\/p><\/li>\n\n\n\n<li><p><strong>Azienda<\/strong> (indicata nel presente Contratto come &quot;la Societ\u00e0&quot;, &quot;Noi&quot;, &quot;Ci&quot; o &quot;Nostro&quot;) si riferisce a Ningbo Dopris Electric Appliance Co., Ltd, 343, Guanfugong Road, Cixi, Ningbo City, Cina.<\/p><\/li>\n\n\n\n<li><p><strong>Dispositivo<\/strong> indica qualsiasi dispositivo che pu\u00f2 accedere al Servizio, come un computer, un cellulare o un tablet digitale.<\/p><\/li>\n\n\n\n<li><p><strong>Servizio<\/strong> si riferisce al Sito Web.<\/p><\/li>\n\n\n\n<li><p><strong>Termini e Condizioni<\/strong> (anche denominati &quot;Termini&quot;) indica i presenti Termini e Condizioni che costituiscono l&#039;intero accordo tra Te e la Societ\u00e0 in merito all&#039;utilizzo del Servizio.\u00a0<\/p><\/li>\n\n\n\n<li><p><strong>Servizio di social media di terze parti<\/strong> indica tutti i servizi o contenuti (inclusi dati, informazioni, prodotti o servizi) forniti da terze parti che possono essere visualizzati, inclusi o resi disponibili dal Servizio.<\/p><\/li>\n\n\n\n<li><p><strong>Sito web<\/strong> si riferisce a Dopris, accessibile da <a href=\"https:\/\/dopris.com\/it\/\" target=\"_blank\" rel=\"external nofollow noopener\">https:\/\/dopris.com\/<\/a><\/p><\/li>\n\n\n\n<li><p><strong>Voi<\/strong> indica la persona che accede o utilizza il Servizio, oppure la societ\u00e0 o altra entit\u00e0 giuridica per conto della quale tale persona accede o utilizza il Servizio, a seconda dei casi.<\/p><br><\/li>\n<\/ul>\n\n\n\n<h2 class=\"wp-block-heading\">Riconoscimento<\/h2>\n\n\n\n<p>I presenti Termini e Condizioni regolano l&#039;utilizzo del Servizio e costituiscono il contratto stipulato tra l&#039;Utente e la Societ\u00e0. I presenti Termini e Condizioni stabiliscono i diritti e gli obblighi di tutti gli utenti in relazione all&#039;utilizzo del Servizio.<\/p>\n\n\n\n<p>L&#039;accesso e l&#039;utilizzo del Servizio sono subordinati all&#039;accettazione e al rispetto dei presenti Termini e Condizioni. I presenti Termini e Condizioni si applicano a tutti i visitatori, utenti e altri soggetti che accedono o utilizzano il Servizio.<\/p>\n\n\n\n<p>Accedendo o utilizzando il Servizio, accetti di essere vincolato dai presenti Termini e Condizioni. Se non sei d&#039;accordo con qualsiasi parte dei presenti Termini e Condizioni, non potrai accedere al Servizio.<\/p>\n\n\n\n<p>Dichiari di avere pi\u00f9 di 18 anni. La Societ\u00e0 non consente l&#039;utilizzo del Servizio a soggetti di et\u00e0 inferiore a 18 anni.<\/p>\n\n\n\n<p>L&#039;accesso e l&#039;utilizzo del Servizio sono inoltre subordinati all&#039;accettazione e al rispetto dell&#039;Informativa sulla privacy della Societ\u00e0. La nostra Informativa sulla privacy descrive le nostre politiche e procedure in materia di raccolta, utilizzo e divulgazione dei tuoi dati personali quando utilizzi l&#039;Applicazione o il Sito web e ti informa sui tuoi diritti alla privacy e su come la legge ti tutela. Ti preghiamo di leggere attentamente la nostra Informativa sulla privacy prima di utilizzare il nostro Servizio.<\/p>\n\n\n\n<h2 class=\"wp-block-heading\">Collegamenti ad altri siti web<\/h2>\n\n\n\n<p>Il nostro Servizio potrebbe contenere link a siti web o servizi di terze parti che non sono di propriet\u00e0 o controllati dalla Societ\u00e0.<\/p>\n\n\n\n<p>La Societ\u00e0 non ha alcun controllo e non si assume alcuna responsabilit\u00e0 per i contenuti, le politiche sulla privacy o le pratiche di siti web o servizi di terze parti. L&#039;utente riconosce e accetta inoltre che la Societ\u00e0 non sar\u00e0 responsabile, direttamente o indirettamente, per eventuali danni o perdite causati o presumibilmente causati da o in connessione con l&#039;utilizzo o l&#039;affidamento su tali contenuti, beni o servizi disponibili su o tramite tali siti web o servizi.<\/p>\n\n\n\n<p>Ti consigliamo vivamente di leggere i termini e le condizioni e le informative sulla privacy di tutti i siti web o servizi di terze parti che visiti.<\/p>\n\n\n\n<h2 class=\"wp-block-heading\">Risoluzione<\/h2>\n\n\n\n<p>Possiamo interrompere o sospendere il tuo accesso immediatamente, senza preavviso o responsabilit\u00e0, per qualsiasi motivo, incluso, a titolo esemplificativo ma non esaustivo, il caso in cui tu violi i presenti Termini e Condizioni.<\/p>\n\n\n\n<p>Alla risoluzione, il tuo diritto di utilizzare il Servizio cesser\u00e0 immediatamente.<\/p>\n\n\n\n<h2 class=\"wp-block-heading\">Limitazione di responsabilit\u00e0<\/h2>\n\n\n\n<p>Nonostante eventuali danni in cui potresti incorrere, l&#039;intera responsabilit\u00e0 della Societ\u00e0 e dei suoi fornitori ai sensi di qualsiasi disposizione dei presenti Termini e il tuo esclusivo rimedio per tutto quanto precede saranno limitati all&#039;importo effettivamente pagato tramite il Servizio o a 100 USD se non hai acquistato nulla tramite il Servizio.<\/p>\n\n\n\n<p>Nella misura massima consentita dalla legge applicabile, in nessun caso la Societ\u00e0 o i suoi fornitori saranno ritenuti responsabili per danni speciali, incidentali, indiretti o consequenziali di qualsiasi tipo (inclusi, a titolo esemplificativo ma non esaustivo, danni per perdita di profitti, perdita di dati o altre informazioni, per interruzione di attivit\u00e0, per lesioni personali, perdita della privacy derivanti da o in qualsiasi modo correlati all&#039;uso o all&#039;impossibilit\u00e0 di usare il Servizio, software di terze parti e\/o hardware di terze parti utilizzati con il Servizio o altrimenti in relazione a qualsiasi disposizione delle presenti Condizioni), anche se la Societ\u00e0 o qualsiasi fornitore sono stati informati della possibilit\u00e0 di tali danni e anche se il rimedio non raggiunge il suo scopo essenziale.<\/p>\n\n\n\n<p>Alcuni stati non consentono l&#039;esclusione di garanzie implicite o la limitazione di responsabilit\u00e0 per danni incidentali o consequenziali, il che significa che alcune delle limitazioni di cui sopra potrebbero non essere applicabili. In questi stati, la responsabilit\u00e0 di ciascuna parte sar\u00e0 limitata nella misura massima consentita dalla legge.<\/p>\n\n\n\n<h2 class=\"wp-block-heading\">Dichiarazione di non responsabilit\u00e0 &quot;COS\u00cc COM&#039;\u00c8&quot; e &quot;COME DISPONIBILE&quot;<\/h2>\n\n\n\n<p>Il Servizio viene fornito all&#039;Utente &quot;COS\u00cc COM&#039;\u00c8&quot; e &quot;COME DISPONIBILE&quot; e con tutti i difetti e gli eventuali difetti, senza garanzie di alcun tipo. Nella misura massima consentita dalla legge applicabile, la Societ\u00e0, per proprio conto e per conto delle sue Affiliate e dei rispettivi licenziatari e fornitori di servizi, declina espressamente ogni garanzia, espressa, implicita, statutaria o di altro tipo, in relazione al Servizio, incluse tutte le garanzie implicite di commerciabilit\u00e0, idoneit\u00e0 per uno scopo particolare, titolarit\u00e0 e non violazione, e le garanzie che possono derivare da accordi, prestazioni, usi o pratiche commerciali. Fatto salvo quanto precede, la Societ\u00e0 non fornisce alcuna garanzia o impegno, e non rilascia alcuna dichiarazione di alcun tipo, che il Servizio soddisfer\u00e0 le Sue esigenze, raggiunger\u00e0 i risultati previsti, sar\u00e0 compatibile o funzioner\u00e0 con altri software, applicazioni, sistemi o servizi, funzioner\u00e0 senza interruzioni, soddisfer\u00e0 gli standard di prestazioni o affidabilit\u00e0 o sar\u00e0 privo di errori, o che eventuali errori o difetti potranno o saranno corretti.<\/p>\n\n\n\n<p>Fatto salvo quanto precede, n\u00e9 la Societ\u00e0 n\u00e9 alcuno dei suoi fornitori rilasciano dichiarazioni o garanzie di alcun tipo, esplicite o implicite: (i) in merito al funzionamento o alla disponibilit\u00e0 del Servizio, o alle informazioni, ai contenuti e ai materiali o prodotti in esso inclusi; (ii) che il Servizio sar\u00e0 ininterrotto o privo di errori; (iii) in merito all&#039;accuratezza, all&#039;affidabilit\u00e0 o all&#039;attualit\u00e0 di qualsiasi informazione o contenuto fornito tramite il Servizio; o (iv) che il Servizio, i suoi server, i contenuti o le e-mail inviate da o per conto della Societ\u00e0 siano privi di virus, script, trojan horse, worm, malware, timebomb o altri componenti dannosi.<\/p>\n\n\n\n<p>Alcune giurisdizioni non consentono l&#039;esclusione di determinati tipi di garanzie o limitazioni sui diritti legali applicabili di un consumatore, pertanto alcune o tutte le esclusioni e limitazioni di cui sopra potrebbero non essere applicabili a Lei. In tal caso, tuttavia, le esclusioni e le limitazioni stabilite nella presente sezione saranno applicate nella misura massima consentita dalla legge applicabile.<\/p>\n\n\n\n<h2 class=\"wp-block-heading\">Legge applicabile<\/h2>\n\n\n\n<p>Le leggi del Paese, escluse le norme sui conflitti di legge, regolano i presenti Termini e l&#039;utilizzo del Servizio. L&#039;utilizzo dell&#039;Applicazione potrebbe essere soggetto anche ad altre leggi locali, statali, nazionali o internazionali.<\/p>\n\n\n\n<h2 class=\"wp-block-heading\">Risoluzione delle controversie<\/h2>\n\n\n\n<p>In caso di dubbi o controversie in merito al Servizio, l&#039;Utente accetta di provare innanzitutto a risolvere la controversia in modo informale contattando la Societ\u00e0.<\/p>\n\n\n\n<h2 class=\"wp-block-heading\">Per gli utenti dell&#039;Unione Europea (UE)<\/h2>\n\n\n\n<p>Se sei un consumatore dell&#039;Unione Europea, potrai beneficiare di tutte le disposizioni obbligatorie previste dalla legge del Paese in cui risiedi.<\/p>\n\n\n\n<h2 class=\"wp-block-heading\">Conformit\u00e0 legale degli Stati Uniti<\/h2>\n\n\n\n<p>Dichiari e garantisci che (i) non ti trovi in un paese soggetto a embargo da parte del governo degli Stati Uniti o che \u00e8 stato designato dal governo degli Stati Uniti come paese che &quot;sostenitore del terrorismo&quot; e (ii) non sei presente in alcun elenco di soggetti vietati o soggetti a restrizioni stilato dal governo degli Stati Uniti.<\/p>\n\n\n\n<h2 class=\"wp-block-heading\">Separabilit\u00e0 e rinuncia<\/h2>\n\n\n\n<h3 class=\"wp-block-heading\">Separabilit\u00e0<\/h3>\n\n\n\n<p>Se una qualsiasi disposizione delle presenti Condizioni dovesse essere ritenuta inapplicabile o non valida, tale disposizione verr\u00e0 modificata e interpretata per raggiungere i propri obiettivi nella misura massima consentita dalla legge applicabile e le restanti disposizioni continueranno ad avere pieno vigore ed efficacia.<\/p>\n\n\n\n<h3 class=\"wp-block-heading\">Rinuncia<\/h3>\n\n\n\n<p>Salvo quanto previsto nel presente documento, il mancato esercizio di un diritto o la mancata richiesta di esecuzione di un obbligo ai sensi delle presenti Condizioni non pregiudicher\u00e0 la capacit\u00e0 di una parte di esercitare tale diritto o di richiedere tale esecuzione in qualsiasi momento successivo, n\u00e9 la rinuncia a una violazione costituir\u00e0 una rinuncia a qualsiasi violazione successiva.<\/p>\n\n\n\n<h2 class=\"wp-block-heading\">Traduzione Interpretazione<\/h2>\n\n\n\n<p>I presenti Termini e Condizioni potrebbero essere stati tradotti se li avessimo resi disponibili all&#039;Utente sul nostro Servizio.<br>L&#039;utente accetta che in caso di controversia prevarr\u00e0 il testo originale in inglese.<\/p>\n\n\n\n<h2 class=\"wp-block-heading\">Modifiche ai presenti Termini e Condizioni<\/h2>\n\n\n\n<p>Ci riserviamo il diritto, a Nostra esclusiva discrezione, di modificare o sostituire i presenti Termini in qualsiasi momento. Qualora una revisione fosse sostanziale, faremo ogni ragionevole sforzo per fornire un preavviso di almeno 30 giorni prima dell&#039;entrata in vigore dei nuovi termini. Ci\u00f2 che costituisce una modifica sostanziale sar\u00e0 determinato a Nostra esclusiva discrezione.<\/p>\n\n\n\n<p>Continuando ad accedere o utilizzare il Nostro Servizio dopo l&#039;entrata in vigore di tali revisioni, accetti di essere vincolato dai termini modificati. Se non accetti i nuovi termini, in tutto o in parte, ti preghiamo di interrompere l&#039;utilizzo del sito web e del Servizio.<\/p>\n\n\n\n<h2 class=\"wp-block-heading\">Contattaci<\/h2>\n\n\n\n<p>Se hai domande su questi Termini e Condizioni, puoi contattarci:<\/p>\n\n\n\n<ul class=\"wp-block-list\">\n<li>Via email: service@dopris.com<\/li>\n<\/ul>\n\n\n\n<p><\/p>","protected":false},"excerpt":{"rendered":"<p>Terms and Conditions Please read these terms and conditions carefully before using Our Service. Interpretation and Definitions Interpretation The words of which the initial letter is capitalized have meanings defined under the following conditions. The following definitions shall have the same meaning regardless of whether they appear in singular or in plural. Definitions For the&hellip;<\/p>","protected":false},"author":1,"featured_media":0,"parent":0,"menu_order":70,"comment_status":"closed","ping_status":"closed","template":"","meta":{"footnotes":""},"class_list":["post-29656","page","type-page","status-publish","hentry","description-off"],"yoast_head":"<!-- This site is optimized with the Yoast SEO plugin v27.3 - https:\/\/yoast.com\/product\/yoast-seo-wordpress\/ -->\n<title>Terms and conditions - Dopris<\/title>\n<meta name=\"description\" content=\"Are you looking for best Air fryer Coffee Maker Pizza Maker Press Grill factory? Dopris is a reliable partner manufacturer.\" \/>\n<meta name=\"robots\" content=\"index, follow, max-snippet:-1, max-image-preview:large, max-video-preview:-1\" \/>\n<link rel=\"canonical\" href=\"https:\/\/dopris.com\/it\/terms-and-conditions\/\" \/>\n<meta property=\"og:locale\" content=\"it_IT\" \/>\n<meta property=\"og:type\" content=\"article\" \/>\n<meta property=\"og:title\" content=\"Terms and conditions - Dopris\" \/>\n<meta property=\"og:description\" content=\"Are you looking for best Air fryer Coffee Maker Pizza Maker Press Grill factory? Dopris is a reliable partner manufacturer.\" \/>\n<meta property=\"og:url\" content=\"https:\/\/dopris.com\/it\/terms-and-conditions\/\" \/>\n<meta property=\"og:site_name\" content=\"DOPRIS\" \/>\n<meta property=\"article:modified_time\" content=\"2025-10-17T06:48:13+00:00\" \/>\n<meta name=\"twitter:card\" content=\"summary_large_image\" \/>\n<meta name=\"twitter:label1\" content=\"Tempo di lettura stimato\" \/>\n\t<meta name=\"twitter:data1\" content=\"8 minuti\" \/>\n<script type=\"application\/ld+json\" class=\"yoast-schema-graph\">{\"@context\":\"https:\\\/\\\/schema.org\",\"@graph\":[{\"@type\":\"WebPage\",\"@id\":\"https:\\\/\\\/dopris.com\\\/terms-and-conditions\\\/\",\"url\":\"https:\\\/\\\/dopris.com\\\/terms-and-conditions\\\/\",\"name\":\"Terms and conditions - Dopris\",\"isPartOf\":{\"@id\":\"https:\\\/\\\/dopris.com\\\/#website\"},\"datePublished\":\"2020-12-17T18:17:47+00:00\",\"dateModified\":\"2025-10-17T06:48:13+00:00\",\"description\":\"Are you looking for best Air fryer Coffee Maker Pizza Maker Press Grill factory? Dopris is a reliable partner manufacturer.\",\"breadcrumb\":{\"@id\":\"https:\\\/\\\/dopris.com\\\/terms-and-conditions\\\/#breadcrumb\"},\"inLanguage\":\"it-IT\",\"potentialAction\":[{\"@type\":\"ReadAction\",\"target\":[\"https:\\\/\\\/dopris.com\\\/terms-and-conditions\\\/\"]}]},{\"@type\":\"BreadcrumbList\",\"@id\":\"https:\\\/\\\/dopris.com\\\/terms-and-conditions\\\/#breadcrumb\",\"itemListElement\":[{\"@type\":\"ListItem\",\"position\":1,\"name\":\"Home\",\"item\":\"https:\\\/\\\/dopris.com\\\/\"},{\"@type\":\"ListItem\",\"position\":2,\"name\":\"Terms and conditions\"}]},{\"@type\":\"WebSite\",\"@id\":\"https:\\\/\\\/dopris.com\\\/#website\",\"url\":\"https:\\\/\\\/dopris.com\\\/\",\"name\":\"DOPRIS\",\"description\":\"\",\"publisher\":{\"@id\":\"https:\\\/\\\/dopris.com\\\/#organization\"},\"potentialAction\":[{\"@type\":\"SearchAction\",\"target\":{\"@type\":\"EntryPoint\",\"urlTemplate\":\"https:\\\/\\\/dopris.com\\\/?s={search_term_string}\"},\"query-input\":{\"@type\":\"PropertyValueSpecification\",\"valueRequired\":true,\"valueName\":\"search_term_string\"}}],\"inLanguage\":\"it-IT\"},{\"@type\":\"Organization\",\"@id\":\"https:\\\/\\\/dopris.com\\\/#organization\",\"name\":\"DOPRIS\",\"url\":\"https:\\\/\\\/dopris.com\\\/\",\"logo\":{\"@type\":\"ImageObject\",\"inLanguage\":\"it-IT\",\"@id\":\"https:\\\/\\\/dopris.com\\\/#\\\/schema\\\/logo\\\/image\\\/\",\"url\":\"https:\\\/\\\/dopris.com\\\/wp-content\\\/uploads\\\/2025\\\/01\\\/DOPRIS31.png\",\"contentUrl\":\"https:\\\/\\\/dopris.com\\\/wp-content\\\/uploads\\\/2025\\\/01\\\/DOPRIS31.png\",\"width\":400,\"height\":107,\"caption\":\"DOPRIS\"},\"image\":{\"@id\":\"https:\\\/\\\/dopris.com\\\/#\\\/schema\\\/logo\\\/image\\\/\"}}]}<\/script>\n<!-- \/ Yoast SEO plugin. -->","yoast_head_json":{"title":"Terms and conditions - Dopris","description":"Are you looking for best Air fryer Coffee Maker Pizza Maker Press Grill factory? Dopris is a reliable partner manufacturer.","robots":{"index":"index","follow":"follow","max-snippet":"max-snippet:-1","max-image-preview":"max-image-preview:large","max-video-preview":"max-video-preview:-1"},"canonical":"https:\/\/dopris.com\/it\/terms-and-conditions\/","og_locale":"it_IT","og_type":"article","og_title":"Terms and conditions - Dopris","og_description":"Are you looking for best Air fryer Coffee Maker Pizza Maker Press Grill factory? Dopris is a reliable partner manufacturer.","og_url":"https:\/\/dopris.com\/it\/terms-and-conditions\/","og_site_name":"DOPRIS","article_modified_time":"2025-10-17T06:48:13+00:00","twitter_card":"summary_large_image","twitter_misc":{"Tempo di lettura stimato":"8 minuti"},"schema":{"@context":"https:\/\/schema.org","@graph":[{"@type":"WebPage","@id":"https:\/\/dopris.com\/terms-and-conditions\/","url":"https:\/\/dopris.com\/terms-and-conditions\/","name":"Terms and conditions - Dopris","isPartOf":{"@id":"https:\/\/dopris.com\/#website"},"datePublished":"2020-12-17T18:17:47+00:00","dateModified":"2025-10-17T06:48:13+00:00","description":"Are you looking for best Air fryer Coffee Maker Pizza Maker Press Grill factory? Dopris is a reliable partner manufacturer.","breadcrumb":{"@id":"https:\/\/dopris.com\/terms-and-conditions\/#breadcrumb"},"inLanguage":"it-IT","potentialAction":[{"@type":"ReadAction","target":["https:\/\/dopris.com\/terms-and-conditions\/"]}]},{"@type":"BreadcrumbList","@id":"https:\/\/dopris.com\/terms-and-conditions\/#breadcrumb","itemListElement":[{"@type":"ListItem","position":1,"name":"Home","item":"https:\/\/dopris.com\/"},{"@type":"ListItem","position":2,"name":"Terms and conditions"}]},{"@type":"WebSite","@id":"https:\/\/dopris.com\/#website","url":"https:\/\/dopris.com\/","name":"DOPRIS","description":"","publisher":{"@id":"https:\/\/dopris.com\/#organization"},"potentialAction":[{"@type":"SearchAction","target":{"@type":"EntryPoint","urlTemplate":"https:\/\/dopris.com\/?s={search_term_string}"},"query-input":{"@type":"PropertyValueSpecification","valueRequired":true,"valueName":"search_term_string"}}],"inLanguage":"it-IT"},{"@type":"Organization","@id":"https:\/\/dopris.com\/#organization","name":"DOPRIS","url":"https:\/\/dopris.com\/","logo":{"@type":"ImageObject","inLanguage":"it-IT","@id":"https:\/\/dopris.com\/#\/schema\/logo\/image\/","url":"https:\/\/dopris.com\/wp-content\/uploads\/2025\/01\/DOPRIS31.png","contentUrl":"https:\/\/dopris.com\/wp-content\/uploads\/2025\/01\/DOPRIS31.png","width":400,"height":107,"caption":"DOPRIS"},"image":{"@id":"https:\/\/dopris.com\/#\/schema\/logo\/image\/"}}]}},"_links":{"self":[{"href":"https:\/\/dopris.com\/it\/wp-json\/wp\/v2\/pages\/29656","targetHints":{"allow":["GET"]}}],"collection":[{"href":"https:\/\/dopris.com\/it\/wp-json\/wp\/v2\/pages"}],"about":[{"href":"https:\/\/dopris.com\/it\/wp-json\/wp\/v2\/types\/page"}],"author":[{"embeddable":true,"href":"https:\/\/dopris.com\/it\/wp-json\/wp\/v2\/users\/1"}],"replies":[{"embeddable":true,"href":"https:\/\/dopris.com\/it\/wp-json\/wp\/v2\/comments?post=29656"}],"version-history":[{"count":5,"href":"https:\/\/dopris.com\/it\/wp-json\/wp\/v2\/pages\/29656\/revisions"}],"predecessor-version":[{"id":88681,"href":"https:\/\/dopris.com\/it\/wp-json\/wp\/v2\/pages\/29656\/revisions\/88681"}],"wp:attachment":[{"href":"https:\/\/dopris.com\/it\/wp-json\/wp\/v2\/media?parent=29656"}],"curies":[{"name":"wp","href":"https:\/\/api.w.org\/{rel}","templated":true}]}}